{"id":1350,"date":"2015-12-20T20:03:08","date_gmt":"2015-12-20T19:03:08","guid":{"rendered":"http:\/\/mmth.de\/?page_id=1350"},"modified":"2015-12-22T19:19:39","modified_gmt":"2015-12-22T18:19:39","slug":"selbst-programmierte-spiele","status":"publish","type":"page","link":"https:\/\/mmth.de\/?page_id=1350","title":{"rendered":"Spiele"},"content":{"rendered":"<h2>Selbst programmierte Spiele mit JavaScript<\/h2>\n<p>Auf meiner alten Web-Seite hatte ich ein paar eigene html \/ JavaScript Spiele. Diese habe ich beim Aufbau der neuen Seite nicht mit \u00fcbernommen. Jetzt m\u00f6chte ich aber doch wieder so nach und nach ein paar &#8222;Spielereien&#8220; zur Verf\u00fcgung stellen.<\/p>\n<p><a href=\"http:\/\/mmth.de\/mmth\/games\/thmflip.html\" target=\"_new\"><img loading=\"lazy\" decoding=\"async\" src=\"http:\/\/mmth.de\/wp-content\/uploads\/2015\/12\/ThmFlip-300x300.png\" alt=\"ThmFlip\" width=\"300\" height=\"300\" class=\"alignleft size-medium wp-image-1351\" srcset=\"https:\/\/mmth.de\/wp-content\/uploads\/2015\/12\/ThmFlip-300x300.png 300w, https:\/\/mmth.de\/wp-content\/uploads\/2015\/12\/ThmFlip-150x150.png 150w, https:\/\/mmth.de\/wp-content\/uploads\/2015\/12\/ThmFlip.png 646w\" sizes=\"auto, (max-width: 300px) 100vw, 300px\" \/><strong>THM-Flip:<\/strong><\/a> durch Anklicken benachbarter Kacheln kann man diese austauschen. Wenn sich 3er Reihen oder Spalten von Kacheln mit gleicher Farbe bilden, werden diese entfernt und neue Kacheln mit einer zuf\u00e4lligen Farbe erscheinen von oben.<\/p>\n<p>Das Spiel geht solange weiter, bis der Spieler keine weiteren 3er-Paare mehr bilden kann oder irrt\u00fcmlich einen Tausch eingibt, der kein 3er Paar erzeugt. Wenn man selber keinen weiteren Spielzug mehr sieht, kann man sich \u00fcber die Tipp Funktionen einen vorschlagen lassen.<\/p>\n<p><a href=\"http:\/\/mmth.de\/mmth\/games\/memory\/memory.html\" target=\"_new\"><img loading=\"lazy\" decoding=\"async\" src=\"http:\/\/mmth.de\/wp-content\/uploads\/2015\/12\/memory-300x246.png\" alt=\"memory\" width=\"300\" height=\"246\" class=\"alignleft size-medium wp-image-1357\" srcset=\"https:\/\/mmth.de\/wp-content\/uploads\/2015\/12\/memory-300x246.png 300w, https:\/\/mmth.de\/wp-content\/uploads\/2015\/12\/memory.png 845w\" sizes=\"auto, (max-width: 300px) 100vw, 300px\" \/><strong>Memory:<\/strong><\/a> durch paarweises Anklicken der Bilder alle Karten umdrehen &#8211; man spielt gegen die Zeit und Zahl der Fehlversuche.<br \/>\nWenn identische Paare angeklickt werden, bleiben die Karten offen liegen, andernfalls werden sie wieder zur\u00fcckgedreht. Das Spiel ist beendet, wenn alle Karten offen liegen.<\/p>\n","protected":false},"excerpt":{"rendered":"<p>Selbst programmierte Spiele mit JavaScript Auf meiner alten Web-Seite hatte ich ein paar eigene html \/ JavaScript Spiele. Diese habe ich beim Aufbau der neuen Seite nicht mit \u00fcbernommen. Jetzt m\u00f6chte ich aber doch wieder so nach und nach ein &hellip; <a href=\"https:\/\/mmth.de\/?page_id=1350\">Weiterlesen <span class=\"meta-nav\">&rarr;<\/span><\/a><\/p>\n","protected":false},"author":1,"featured_media":0,"parent":0,"menu_order":0,"comment_status":"closed","ping_status":"closed","template":"","meta":{"footnotes":""},"class_list":["post-1350","page","type-page","status-publish","hentry"],"_links":{"self":[{"href":"https:\/\/mmth.de\/index.php?rest_route=\/wp\/v2\/pages\/1350","targetHints":{"allow":["GET"]}}],"collection":[{"href":"https:\/\/mmth.de\/index.php?rest_route=\/wp\/v2\/pages"}],"about":[{"href":"https:\/\/mmth.de\/index.php?rest_route=\/wp\/v2\/types\/page"}],"author":[{"embeddable":true,"href":"https:\/\/mmth.de\/index.php?rest_route=\/wp\/v2\/users\/1"}],"replies":[{"embeddable":true,"href":"https:\/\/mmth.de\/index.php?rest_route=%2Fwp%2Fv2%2Fcomments&post=1350"}],"version-history":[{"count":7,"href":"https:\/\/mmth.de\/index.php?rest_route=\/wp\/v2\/pages\/1350\/revisions"}],"predecessor-version":[{"id":1359,"href":"https:\/\/mmth.de\/index.php?rest_route=\/wp\/v2\/pages\/1350\/revisions\/1359"}],"wp:attachment":[{"href":"https:\/\/mmth.de\/index.php?rest_route=%2Fwp%2Fv2%2Fmedia&parent=1350"}],"curies":[{"name":"wp","href":"https:\/\/api.w.org\/{rel}","templated":true}]}}